{"id":7,"date":"2014-06-18T12:29:20","date_gmt":"2014-06-18T10:29:20","guid":{"rendered":"http:\/\/sgarena.fomalhaut.uberspace.de\/?page_id=7"},"modified":"2015-08-18T13:30:56","modified_gmt":"2015-08-18T11:30:56","slug":"unterstuetzte-projekte","status":"publish","type":"page","link":"http:\/\/sgp-arena.de\/?page_id=7","title":{"rendered":"Unterst\u00fctzte Projekte"},"content":{"rendered":"<p><strong>Saisonabschlussfeier der Bambinis, E- und F-Jugend<\/strong><\/p>\n<p>Auch diese Jahr hat der SGP F\u00f6rderverein die j\u00fcngsten Jahrg\u00e4nge der Spielergemeinschaft Partenheim und Jugenheim unterst\u00fctzt. Das Fest fand auf dem Jugenheimer Sportplatz statt, dort konnten sie ihre Technik auf dem Sportplatz noch einmal zeigen. Gest\u00e4rkt wurden sie mit W\u00fcrstchen und Getr\u00e4nke.<\/p>\n<p>Die\u00a0G und\u00a0F Jugend hatte uns in der letzten Saison viel sch\u00f6ne und erfolgreiche Spiele gezeigt, besonders die tolle\u00a0Hallenrunde ist im Ged\u00e4chtnis geblieben.<\/p>\n<p>In der Kreis Liga konnte sich die E-Jugend mit einem hervorragenden 6 Platz, hinter gro\u00dfen Vereine wie Gonsenheim, Bingen, Ingelheim und Schott behaupten.<\/p>\n<p>Hier einen herzlichen Dank an die Trainer der Jugendmannschaften.<\/p>\n<p><a href=\"http:\/\/sgp-arena.de\/wp-content\/uploads\/2015\/08\/20150721_185943.jpg\"><img decoding=\"async\" loading=\"lazy\" class=\"alignnone  wp-image-225\" src=\"http:\/\/sgp-arena.de\/wp-content\/uploads\/2015\/08\/20150721_185943-300x168.jpg\" alt=\"20150721_185943\" width=\"571\" height=\"320\" srcset=\"http:\/\/sgp-arena.de\/wp-content\/uploads\/2015\/08\/20150721_185943-300x168.jpg 300w, http:\/\/sgp-arena.de\/wp-content\/uploads\/2015\/08\/20150721_185943-1024x576.jpg 1024w, http:\/\/sgp-arena.de\/wp-content\/uploads\/2015\/08\/20150721_185943-695x390.jpg 695w\" sizes=\"(max-width: 571px) 100vw, 571px\" \/><\/a><\/p>\n<p>Steffen Blees-Wallich<\/p>\n<p>&nbsp;<\/p>\n<p>&nbsp;<\/p>\n<p>&nbsp;<\/p>\n<p>#######################################################################<\/p>\n<p>&nbsp;<\/p>\n<p><strong>F\u00f6rderverein unterst\u00fctzt das Traininglager der ersten und zweiten Mannschaft 2014<\/strong><\/p>\n<p><a href=\"http:\/\/sgp-arena.de\/wp-content\/uploads\/2014\/06\/Traininglager-2014-e1407334802551.jpg\"><img decoding=\"async\" loading=\"lazy\" class=\"alignnone size-medium wp-image-181\" src=\"http:\/\/sgp-arena.de\/wp-content\/uploads\/2014\/06\/Traininglager-2014-e1407334802551-300x222.jpg\" alt=\"Traininglager 2014\" width=\"300\" height=\"222\" srcset=\"http:\/\/sgp-arena.de\/wp-content\/uploads\/2014\/06\/Traininglager-2014-e1407334802551-300x222.jpg 300w, http:\/\/sgp-arena.de\/wp-content\/uploads\/2014\/06\/Traininglager-2014-e1407334802551-1024x759.jpg 1024w, http:\/\/sgp-arena.de\/wp-content\/uploads\/2014\/06\/Traininglager-2014-e1407334802551-695x515.jpg 695w\" sizes=\"(max-width: 300px) 100vw, 300px\" \/><\/a><\/p>\n<p>&nbsp;<\/p>\n<p>#######################################################################<\/p>\n<p><strong>Saison-Abschlussfest Jugendmannschaften 2013\/14<\/strong><\/p>\n<p>Mit einem Zuschuss des F\u00f6rdervereins konnten die Jugendmannschaften den Abschluss der erfolgreichen Saison 2013\/2014 geb\u00fchrend feiern.<\/p>\n<p><a href=\"http:\/\/sgp-arena.de\/wp-content\/uploads\/2014\/06\/20140628_190048.jpg\"><img decoding=\"async\" loading=\"lazy\" class=\"alignnone size-medium wp-image-119\" src=\"http:\/\/sgp-arena.de\/wp-content\/uploads\/2014\/06\/20140628_190048-300x225.jpg\" alt=\"20140628_190048\" width=\"300\" height=\"225\" srcset=\"http:\/\/sgp-arena.de\/wp-content\/uploads\/2014\/06\/20140628_190048-300x225.jpg 300w, http:\/\/sgp-arena.de\/wp-content\/uploads\/2014\/06\/20140628_190048-1024x768.jpg 1024w, http:\/\/sgp-arena.de\/wp-content\/uploads\/2014\/06\/20140628_190048-695x521.jpg 695w\" sizes=\"(max-width: 300px) 100vw, 300px\" \/><\/a> <a href=\"http:\/\/sgp-arena.de\/wp-content\/uploads\/2014\/06\/20140628_190127.jpg\"><img decoding=\"async\" loading=\"lazy\" class=\"alignnone size-medium wp-image-120\" src=\"http:\/\/sgp-arena.de\/wp-content\/uploads\/2014\/06\/20140628_190127-300x225.jpg\" alt=\"20140628_190127\" width=\"300\" height=\"225\" srcset=\"http:\/\/sgp-arena.de\/wp-content\/uploads\/2014\/06\/20140628_190127-300x225.jpg 300w, http:\/\/sgp-arena.de\/wp-content\/uploads\/2014\/06\/20140628_190127-1024x768.jpg 1024w, http:\/\/sgp-arena.de\/wp-content\/uploads\/2014\/06\/20140628_190127-695x521.jpg 695w\" sizes=\"(max-width: 300px) 100vw, 300px\" \/><\/a> <a href=\"http:\/\/sgp-arena.de\/wp-content\/uploads\/2014\/06\/IMG_7933.jpg\"><img decoding=\"async\" loading=\"lazy\" class=\"alignnone size-medium wp-image-121\" src=\"http:\/\/sgp-arena.de\/wp-content\/uploads\/2014\/06\/IMG_7933-300x200.jpg\" alt=\"IMG_7933\" width=\"300\" height=\"200\" srcset=\"http:\/\/sgp-arena.de\/wp-content\/uploads\/2014\/06\/IMG_7933-300x200.jpg 300w, http:\/\/sgp-arena.de\/wp-content\/uploads\/2014\/06\/IMG_7933-1024x682.jpg 1024w, http:\/\/sgp-arena.de\/wp-content\/uploads\/2014\/06\/IMG_7933-695x463.jpg 695w\" sizes=\"(max-width: 300px) 100vw, 300px\" \/><\/a><\/p>\n<p>&nbsp;<\/p>\n<p>#######################################################################<\/p>\n<p><strong>Trikots f\u00fcr unsere E-Jugend<\/strong><\/p>\n<p>F\u00fcr unsere beiden E-Jugend Mannschaften konnten in der letzten Saison zwei Trikot S\u00e4tze vom F\u00f6rderverein besorgt werden.<\/p>\n<p><a href=\"http:\/\/sgp-arena.de\/wp-content\/uploads\/2014\/06\/IMG_7942-e1407321439284.jpg\"><img decoding=\"async\" loading=\"lazy\" class=\"alignnone size-medium wp-image-117\" src=\"http:\/\/sgp-arena.de\/wp-content\/uploads\/2014\/06\/IMG_7942-e1407321439284-300x282.jpg\" alt=\"IMG_7942\" width=\"300\" height=\"282\" srcset=\"http:\/\/sgp-arena.de\/wp-content\/uploads\/2014\/06\/IMG_7942-e1407321439284-300x282.jpg 300w, http:\/\/sgp-arena.de\/wp-content\/uploads\/2014\/06\/IMG_7942-e1407321439284-1024x964.jpg 1024w, http:\/\/sgp-arena.de\/wp-content\/uploads\/2014\/06\/IMG_7942-e1407321439284-695x654.jpg 695w, http:\/\/sgp-arena.de\/wp-content\/uploads\/2014\/06\/IMG_7942-e1407321439284.jpg 1339w\" sizes=\"(max-width: 300px) 100vw, 300px\" \/><\/a><\/p>\n<p><a href=\"http:\/\/sgp-arena.de.w012344e.kasserver.com\/wp-content\/uploads\/2014\/06\/kinder-fussball1.jpg\"><img decoding=\"async\" loading=\"lazy\" class=\"alignnone size-medium wp-image-76\" src=\"http:\/\/sgp-arena.de.w012344e.kasserver.com\/wp-content\/uploads\/2014\/06\/kinder-fussball1-300x200.jpg\" alt=\"kinder fussball\" width=\"300\" height=\"200\" srcset=\"http:\/\/sgp-arena.de\/wp-content\/uploads\/2014\/06\/kinder-fussball1-300x200.jpg 300w, http:\/\/sgp-arena.de\/wp-content\/uploads\/2014\/06\/kinder-fussball1-1024x682.jpg 1024w\" sizes=\"(max-width: 300px) 100vw, 300px\" \/><\/a><\/p>\n","protected":false},"excerpt":{"rendered":"<p>Saisonabschlussfeier der Bambinis, E- und F-Jugend Auch diese Jahr hat der SGP F\u00f6rderverein die j\u00fcngsten Jahrg\u00e4nge der Spielergemeinschaft Partenheim und Jugenheim unterst\u00fctzt. Das Fest fand auf dem Jugenheimer Sportplatz statt, dort konnten sie ihre Technik auf dem Sportplatz noch einmal zeigen. Gest\u00e4rkt wurden sie mit W\u00fcrstchen und Getr\u00e4nke. Die\u00a0G und\u00a0F Jugend hatte uns in der [&hellip;]<\/p>\n","protected":false},"author":1,"featured_media":5,"parent":0,"menu_order":0,"comment_status":"closed","ping_status":"closed","template":"","meta":[],"_links":{"self":[{"href":"http:\/\/sgp-arena.de\/index.php?rest_route=\/wp\/v2\/pages\/7"}],"collection":[{"href":"http:\/\/sgp-arena.de\/index.php?rest_route=\/wp\/v2\/pages"}],"about":[{"href":"http:\/\/sgp-arena.de\/index.php?rest_route=\/wp\/v2\/types\/page"}],"author":[{"embeddable":true,"href":"http:\/\/sgp-arena.de\/index.php?rest_route=\/wp\/v2\/users\/1"}],"replies":[{"embeddable":true,"href":"http:\/\/sgp-arena.de\/index.php?rest_route=%2Fwp%2Fv2%2Fcomments&post=7"}],"version-history":[{"count":7,"href":"http:\/\/sgp-arena.de\/index.php?rest_route=\/wp\/v2\/pages\/7\/revisions"}],"predecessor-version":[{"id":230,"href":"http:\/\/sgp-arena.de\/index.php?rest_route=\/wp\/v2\/pages\/7\/revisions\/230"}],"wp:featuredmedia":[{"embeddable":true,"href":"http:\/\/sgp-arena.de\/index.php?rest_route=\/wp\/v2\/media\/5"}],"wp:attachment":[{"href":"http:\/\/sgp-arena.de\/index.php?rest_route=%2Fwp%2Fv2%2Fmedia&parent=7"}],"curies":[{"name":"wp","href":"https:\/\/api.w.org\/{rel}","templated":true}]}}