{"id":49,"date":"2014-06-18T15:09:45","date_gmt":"2014-06-18T13:09:45","guid":{"rendered":"http:\/\/sgarena.fomalhaut.uberspace.de\/?page_id=49"},"modified":"2014-06-18T15:09:45","modified_gmt":"2014-06-18T13:09:45","slug":"werbeangebote","status":"publish","type":"page","link":"http:\/\/sgp-arena.de\/?page_id=49","title":{"rendered":"Werbeangebote"},"content":{"rendered":"<p>Bannerwerbemodell:<\/p>\n<p><strong><em>1.) Premiumwerbepaket:<br \/>\nPlatzierung: hinter dem Tor an der Weitsprunganlage<br \/>\nGr\u00f6\u00dfe: 4 x 0,75 cm<br \/>\nPreis: Im ersten Jahr 350 Euro(inkl. Banneranschaffung), jedes weitere Jahr 250 Euro<br \/>\nLaufzeit: 5 Jahre mit automatischer Verl\u00e4ngerung um jeweils 1 Jahr (falls gew\u00fcnscht)<\/p>\n<p>2.)<br \/>\nStandardwerbepaket:<br \/>\nPlatzierung: Zaun gegen\u00fcber der Trib\u00fcne<br \/>\nGr\u00f6\u00dfe: 3 x 0,75 cm<br \/>\nPreis: Im ersten Jahr 300 Euro(inkl. Banneranschaffung), jedes weitere Jahr 200 Euro.<br \/>\nLaufzeit: 5 Jahre mit automatischer Verl\u00e4ngerung um jeweils 1 Jahr (falls gew\u00fcnscht)<\/em><\/strong><\/p>\n","protected":false},"excerpt":{"rendered":"<p>Bannerwerbemodell: 1.) Premiumwerbepaket: Platzierung: hinter dem Tor an der Weitsprunganlage Gr\u00f6\u00dfe: 4 x 0,75 cm Preis: Im ersten Jahr 350 Euro(inkl. Banneranschaffung), jedes weitere Jahr 250 Euro Laufzeit: 5 Jahre mit automatischer Verl\u00e4ngerung um jeweils 1 Jahr (falls gew\u00fcnscht) 2.) Standardwerbepaket: Platzierung: Zaun gegen\u00fcber der Trib\u00fcne Gr\u00f6\u00dfe: 3 x 0,75 cm Preis: Im ersten Jahr [&hellip;]<\/p>\n","protected":false},"author":1,"featured_media":5,"parent":0,"menu_order":0,"comment_status":"closed","ping_status":"closed","template":"","meta":[],"_links":{"self":[{"href":"http:\/\/sgp-arena.de\/index.php?rest_route=\/wp\/v2\/pages\/49"}],"collection":[{"href":"http:\/\/sgp-arena.de\/index.php?rest_route=\/wp\/v2\/pages"}],"about":[{"href":"http:\/\/sgp-arena.de\/index.php?rest_route=\/wp\/v2\/types\/page"}],"author":[{"embeddable":true,"href":"http:\/\/sgp-arena.de\/index.php?rest_route=\/wp\/v2\/users\/1"}],"replies":[{"embeddable":true,"href":"http:\/\/sgp-arena.de\/index.php?rest_route=%2Fwp%2Fv2%2Fcomments&post=49"}],"version-history":[{"count":0,"href":"http:\/\/sgp-arena.de\/index.php?rest_route=\/wp\/v2\/pages\/49\/revisions"}],"wp:featuredmedia":[{"embeddable":true,"href":"http:\/\/sgp-arena.de\/index.php?rest_route=\/wp\/v2\/media\/5"}],"wp:attachment":[{"href":"http:\/\/sgp-arena.de\/index.php?rest_route=%2Fwp%2Fv2%2Fmedia&parent=49"}],"curies":[{"name":"wp","href":"https:\/\/api.w.org\/{rel}","templated":true}]}}