{"id":34,"date":"2014-06-18T12:36:22","date_gmt":"2014-06-18T10:36:22","guid":{"rendered":"http:\/\/sgarena.fomalhaut.uberspace.de\/?page_id=34"},"modified":"2018-05-25T12:16:39","modified_gmt":"2018-05-25T10:16:39","slug":"datenschutzerklaerung","status":"publish","type":"page","link":"http:\/\/sgp-arena.de\/?page_id=34","title":{"rendered":"Datenschutzerkl\u00e4rung"},"content":{"rendered":"<h1 dir=\"LTR\"><strong>Datenschutzerkl\u00e4rung:\u3000<\/strong><\/h1>\n<p dir=\"LTR\">Stand: 25.05.2018<\/p>\n<p style=\"text-align: left;\">Wir nehmen den Datenschutz sehr ernst und das gilt selbstverst\u00e4ndlich auch in Bezug auf die personenbezogenen Daten unserer Vereinsmitglieder. Wir informieren Sie hiermit, wie wir Ihre Daten, die wir anhand der Beitrittserkl\u00e4rung erfassen, verarbeiten und welche Anspr\u00fcche und Rechte Ihnen nach den datenschutzrechtlichen Regelungen zustehen. Diese sind ab 25. Mai 2018 g\u00fcltig.<\/p>\n<h3 style=\"text-align: left;\"><strong>Verantwortliche Stelle im Sinne des Datenschutzgesetzes:<\/strong><\/h3>\n<p style=\"text-align: left;\">F\u00f6rderverein Sportarena\u00a0SG Partenheim e. V.<\/p>\n<p style=\"text-align: left;\">Troissystra\u00dfe 15<br \/>\n55288 Partenheim<\/p>\n<p>E-Mailadresse: blees-wallich@gmx.de<br \/>\nGesch\u00e4ftsf\u00fchrer: Steffen Blees-Wallich<\/p>\n<h3><strong>Geltungsbereich<\/strong><\/h3>\n<p style=\"text-align: left;\">Mitglieder des F\u00f6rdervereins erhalten mit dieser Datenschutzerkl\u00e4rung Informationen \u00fcber die Art, den Umfang und Zweck der Erhebung und Verwendung ihrer Daten, welche durch den F\u00f6rderverein erhoben und verwendet werden.<\/p>\n<p style=\"text-align: left;\">Den rechtlichen Rahmen f\u00fcr den Datenschutz bilden das Bundesdatenschutzgesetz (BDSG) und das Telemediengesetz (TMG).<\/p>\n<h3 style=\"text-align: left;\"><strong>Rechtsgrundlage<\/strong><\/h3>\n<p style=\"text-align: left;\">Die Erfassung, Speicherung und Verarbeitung Ihrer Daten ist zul\u00e4ssig, weil diese zur Durchf\u00fchrung der Mitgliedschaft im F\u00f6rderverein erforderlich sind. Die Daten dienen somit ausschlie\u00dflich Vereinszwecken.<\/p>\n<h3 style=\"text-align: left;\"><strong>Umgang mit personenbezogenen Daten<\/strong><\/h3>\n<p style=\"text-align: left;\">Als personenbezogene Daten gelten alle Informationen, anhand derer eine Person eindeutig identifizierbar ist. Es handelt sich somit um Daten, die zu einer Person zur\u00fcckverfolgt werden k\u00f6nnen.<\/p>\n<p style=\"text-align: left;\">Zu diesen personenbezogenen Daten z\u00e4hlen der Vorname und Name, die Adresse, Geburtstag, die Bankverbindung, die Telefonnummer sowie die E-Mail-Adresse.<\/p>\n<p style=\"text-align: left;\">Wir erfassen, speichern und verarbeiten Ihre personenbezogenen Daten im Einklang mit den Bestimmungen der Datenschutz-Grundverordnung (DSGVO), dem Bundesdatenschutzgesetz (BDSG) sowie anderen anwendbaren Datenschutzvorschriften.<\/p>\n<p style=\"text-align: left;\">Eine Weitergabe an Dritte findet grunds\u00e4tzlich nicht statt, es sei denn geltende Datenschutzvorschriften rechtfertigen eine \u00dcbertragung oder wir sind dazu gesetzlich verpflichtet.<\/p>\n<h3 style=\"text-align: left;\"><strong>Datensparsamkeit<\/strong><\/h3>\n<p style=\"text-align: left;\">Personenbezogene Daten speichern wir gem\u00e4\u00df den Grunds\u00e4tzen der Datenvermeidung und Datensparsamkeit nur so lange, wie es erforderlich ist oder vom Gesetzgeber vorgeschrieben wird (gesetzliche Speicherfrist). Entf\u00e4llt der Zweck der erhobenen Informationen (Austritt aus dem F\u00f6rderverein) oder endet die Speicherfrist, l\u00f6schen wir Ihre Daten.<\/p>\n<h3 style=\"text-align: left;\"><strong>Ihre Datenschutzrechte<\/strong><\/h3>\n<p style=\"text-align: left;\">Unter bestimmten Voraussetzungen k\u00f6nnen Sie uns gegen\u00fcber Ihre Datenschutz- rechte geltend machen:<\/p>\n<p style=\"text-align: left;\"><em>Recht auf Auskunft: Sie haben das Recht, von uns Auskunft \u00fcber Ihre bei uns gespeicherten personenbezogenen Daten nach den Regeln von Art. 15 DSGVO (ggf. mit Einschr\u00e4nkungen nach \u00a7 34 BDSG) zu erhalten.<\/em><\/p>\n<p style=\"text-align: left;\"><em>Recht auf Berichtigung: Auf Ihren Antrag hin werden wir die \u00fcber Sie gespeicherten Daten nach Art. 16 DSGVO berichtigen, wenn diese unzutreffend oder fehlerhaft sind.<\/em><\/p>\n<p style=\"text-align: left;\"><em>Recht auf Widerruf: Sie k\u00f6nnen Ihre erteilte Einwilligung jederzeit mit Wirkung f\u00fcr die Zukunft widerrufen. Im Falle des Widerrufs werden Ihre Daten umgehend gel\u00f6scht.<\/em><\/p>\n<p style=\"text-align: left;\"><em>Recht auf L\u00f6schung: Wenn Sie es w\u00fcnschen, l\u00f6schen wir Ihre Daten nach den Grunds\u00e4tzen von Art. 17 DSGVO, sofern andere gesetzliche Regelungen (z.B. gesetzliche Aufbewahrungspflichten oder die Einschr\u00e4nkungen nach \u00a7 35 BDSG) oder ein \u00fcberwiegendes Interesse unsererseits (z.B. zur Verteidigung unserer Rechte und Anspr\u00fcche) dem nicht entgegenstehen.<\/em><\/p>\n<p style=\"text-align: left;\"><em>Recht auf Einschr\u00e4nkung der Bearbeitung: Unter Ber\u00fccksichtigung der Voraussetzungen des Art. 18 DSGVO k\u00f6nnen Sie von uns verlangen, die Verarbeitung Ihrer Daten einzuschr\u00e4nken.<\/em><\/p>\n<h3 dir=\"LTR\"><strong>Kontaktaufnahme\u3000<\/strong><\/h3>\n<p>Bei der Kontaktaufnahme mit uns (z.B. per Kontaktformular, E-Mail, Telefon oder via sozialer Medien) werden die Angaben des Nutzers zur Bearbeitung der Kontaktanfrage und deren Abwicklung gem. Art. 6 Abs. 1 lit. b) DSGVO verarbeitet. Die Angaben der Nutzer k\u00f6nnen in einem Customer-Relationship-Management System (&#8222;CRM System&#8220;) oder vergleichbarer Anfragenorganisation gespeichert werden.<\/p>\n<p>Wir l\u00f6schen die Anfragen, sofern diese nicht mehr erforderlich sind. Wir \u00fcberpr\u00fcfen die Erforderlichkeit alle zwei Jahre; Ferner gelten die gesetzlichen Archivierungspflichten.<\/p>\n<h3><strong>\u00c4nderung unserer Datenschutzerkl\u00e4rung<\/strong><\/h3>\n<p style=\"text-align: left;\">Um zu gew\u00e4hrleisten, dass unsere Datenschutzerkl\u00e4rung stets den aktuellen gesetzlichen Vorgaben entspricht, behalten wir uns jederzeit \u00c4nderungen vor.<\/p>\n<p>&nbsp;<\/p>\n<p>&#8212;&#8212;&#8212;&#8212;&#8212;&#8212;&#8212;&#8212;&#8212;&#8212;&#8212;&#8212;&#8212;&#8212;&#8212;&#8212;&#8212;&#8212;&#8212;&#8212;&#8212;&#8212;&#8212;&#8212;&#8212;&#8212;&#8212;&#8212;&#8212;&#8212;&#8212;&#8212;&#8212;&#8212;&#8212;&#8212;&#8212;&#8212;&#8212;&#8212;&#8212;&#8212;&#8212;&#8212;&#8212;&#8212;&#8212;&#8212;&#8212;&#8212;&#8212;&#8212;&#8212;&#8212;-<\/p>\n<h3>\u00a0Hier noch\u00a0weitere Erkl\u00e4rungen f\u00fcr\u00a0Plugins der Webseite:<\/h3>\n<p>&nbsp;<\/p>\n<p><strong>Datenschutzerkl\u00e4rung f\u00fcr die Nutzung von Facebook-Plugins (Like-Button)<\/strong><\/p>\n<p>Auf unseren Seiten sind Plugins des sozialen Netzwerks Facebook (Facebook Inc., 1601 Willow Road, Menlo Park, California, 94025, USA) integriert. Die Facebook-Plugins erkennen Sie an dem Facebook-Logo oder dem \u201cLike-Button\u201d (\u201cGef\u00e4llt mir\u201d) auf unserer Seite. Eine \u00dcbersicht \u00fcber die Facebook-Plugins finden Sie hier: <a href=\"http:\/\/developers.facebook.com\/docs\/plugins\/\" target=\"_blank\">http:\/\/developers.facebook.com\/docs\/plugins\/<\/a>.<br \/>\nWenn Sie unsere Seiten besuchen, wird \u00fcber das Plugin eine direkte Verbindung zwischen Ihrem Browser und dem Facebook-Server hergestellt. Facebook erh\u00e4lt dadurch die Information, dass Sie mit Ihrer IP-Adresse unsere Seite besucht haben. Wenn Sie den Facebook \u201cLike-Button\u201d anklicken w\u00e4hrend Sie in Ihrem Facebook-Account eingeloggt sind, k\u00f6nnen Sie die Inhalte unserer Seiten auf Ihrem Facebook-Profil verlinken. Dadurch kann Facebook den Besuch unserer Seiten Ihrem Benutzerkonto zuordnen. Wir weisen darauf hin, dass wir als Anbieter der Seiten keine Kenntnis vom Inhalt der \u00fcbermittelten Daten sowie deren Nutzung durch Facebook erhalten. Weitere Informationen hierzu finden Sie in der Datenschutzerkl\u00e4rung von facebook unter <a href=\"http:\/\/de-de.facebook.com\/policy.php\" target=\"_blank\"> http:\/\/de-de.facebook.com\/policy.php<\/a><\/p>\n<p>Wenn Sie nicht w\u00fcnschen, dass Facebook den Besuch unserer Seiten Ihrem Facebook-Nutzerkonto zuordnen kann, loggen Sie sich bitte aus Ihrem Facebook-Benutzerkonto aus.<\/p>\n<p>&nbsp;<\/p>\n<p><strong>Datenschutzerkl\u00e4rung f\u00fcr die Nutzung von Google Analytics<\/strong><\/p>\n<p>Diese Website benutzt Google Analytics, einen Webanalysedienst der Google Inc. (\u201cGoogle\u201d). Google Analytics verwendet sog. \u201cCookies\u201d, Textdateien, die auf Ihrem Computer gespeichert werden und die eine Analyse der Benutzung der Website durch Sie erm\u00f6glichen. Die durch den Cookie erzeugten Informationen \u00fcber Ihre Benutzung dieser Website werden in der Regel an einen Server von Google in den USA \u00fcbertragen und dort gespeichert. Im Falle der Aktivierung der IP-Anonymisierung auf dieser Webseite wird Ihre IP-Adresse von Google jedoch innerhalb von Mitgliedstaaten der Europ\u00e4ischen Union oder in anderen Vertragsstaaten des Abkommens \u00fcber den Europ\u00e4ischen Wirtschaftsraum zuvor gek\u00fcrzt.<\/p>\n<p>Nur in Ausnahmef\u00e4llen wird die volle IP-Adresse an einen Server von Google in den USA \u00fcbertragen und dort gek\u00fcrzt. Im Auftrag des Betreibers dieser Website wird Google diese Informationen benutzen, um Ihre Nutzung der Website auszuwerten, um Reports \u00fcber die Websiteaktivit\u00e4ten zusammenzustellen und um weitere mit der Websitenutzung und der Internetnutzung verbundene Dienstleistungen gegen\u00fcber dem Websitebetreiber zu erbringen. Die im Rahmen von Google Analytics von Ihrem Browser \u00fcbermittelte IP-Adresse wird nicht mit anderen Daten von Google zusammengef\u00fchrt.<\/p>\n<p>Sie k\u00f6nnen die Speicherung der Cookies durch eine entsprechende Einstellung Ihrer Browser-Software verhindern; wir weisen Sie jedoch darauf hin, dass Sie in diesem Fall gegebenenfalls nicht s\u00e4mtliche Funktionen dieser Website vollumf\u00e4nglich werden nutzen k\u00f6nnen. Sie k\u00f6nnen dar\u00fcber hinaus die Erfassung der durch das Cookie erzeugten und auf Ihre Nutzung der Website bezogenen Daten (inkl. Ihrer IP-Adresse) an Google sowie die Verarbeitung dieser Daten durch Google verhindern, indem sie das unter dem folgenden Link verf\u00fcgbare Browser-Plugin herunterladen und installieren: <a href=\"http:\/\/tools.google.com\/dlpage\/gaoptout?hl=de\">http:\/\/tools.google.com\/dlpage\/gaoptout?hl=de<\/a>.<\/p>\n<p>&nbsp;<\/p>\n<p><strong>Datenschutzerkl\u00e4rung f\u00fcr die Nutzung von Google Adsense<\/strong><\/p>\n<p>Diese Website benutzt Google AdSense, einen Dienst zum Einbinden von Werbeanzeigen der Google Inc. (\u201cGoogle\u201d). Google AdSense verwendet sog. \u201cCookies\u201d, Textdateien, die auf Ihrem Computer gespeichert werden und die eine Analyse der Benutzung der Website erm\u00f6glicht. Google AdSense verwendet auch so genannte Web Beacons (unsichtbare Grafiken). Durch diese Web Beacons k\u00f6nnen Informationen wie der Besucherverkehr auf diesen Seiten ausgewertet werden.<\/p>\n<p>Die durch Cookies und Web Beacons erzeugten Informationen \u00fcber die Benutzung dieser Website (einschlie\u00dflich Ihrer IP-Adresse) und Auslieferung von Werbeformaten werden an einen Server von Google in den USA \u00fcbertragen und dort gespeichert. Diese Informationen k\u00f6nnen von Google an Vertragspartner von Google weiter gegeben werden. Google wird Ihre IP-Adresse jedoch nicht mit anderen von Ihnen gespeicherten Daten zusammenf\u00fchren.<\/p>\n<p>Sie k\u00f6nnen die Installation der Cookies durch eine entsprechende Einstellung Ihrer Browser Software verhindern; wir weisen Sie jedoch darauf hin, dass Sie in diesem Fall gegebenenfalls nicht s\u00e4mtliche Funktionen dieser Website voll umf\u00e4nglich nutzen k\u00f6nnen. Durch die Nutzung dieser Website erkl\u00e4ren Sie sich mit der Bearbeitung der \u00fcber Sie erhobenen Daten durch Google in der zuvor beschriebenen Art und Weise und zu dem zuvor benannten Zweck einverstanden.<\/p>\n<p>&nbsp;<\/p>\n<p><strong>Datenschutzerkl\u00e4rung f\u00fcr die Nutzung von Google +1<\/strong><\/p>\n<p><i>Erfassung und Weitergabe von Informationen:<\/i><br \/>\nMithilfe der Google +1-Schaltfl\u00e4che k\u00f6nnen Sie Informationen weltweit ver\u00f6ffentlichen. \u00fcber die Google\u00a0+1-Schaltfl\u00e4che erhalten Sie und andere Nutzer personalisierte Inhalte von Google und unseren Partnern. Google speichert sowohl die Information, dass Sie f\u00fcr einen Inhalt +1 gegeben haben, als auch Informationen \u00fcber die Seite, die Sie beim Klicken auf +1 angesehen haben. Ihre +1 k\u00f6nnen als Hinweise zusammen mit Ihrem Profilnamen und Ihrem Foto in Google-Diensten, wie etwa in Suchergebnissen oder in Ihrem Google-Profil, oder an anderen Stellen auf Websites und Anzeigen im Internet eingeblendet werden.<br \/>\nGoogle zeichnet Informationen \u00fcber Ihre +1-Aktivit\u00e4ten auf, um die Google-Dienste f\u00fcr Sie und andere zu verbessern. Um die Google\u00a0+1-Schaltfl\u00e4che verwenden zu k\u00f6nnen, ben\u00f6tigen Sie ein weltweit sichtbares, \u00f6ffentliches Google-Profil, das zumindest den f\u00fcr das Profil gew\u00e4hlten Namen enthalten muss. Dieser Name wird in allen Google-Diensten verwendet. In manchen F\u00e4llen kann dieser Name auch einen anderen Namen ersetzen, den Sie beim Teilen von Inhalten \u00fcber Ihr Google-Konto verwendet haben. Die Identit\u00e4t Ihres Google-Profils kann Nutzern angezeigt werden, die Ihre E-Mail-Adresse kennen oder \u00fcber andere identifizierende Informationen von Ihnen verf\u00fcgen.<\/p>\n<p><i>Verwendung der erfassten Informationen:<\/i><br \/>\nNeben den oben erl\u00e4uterten Verwendungszwecken werden die von Ihnen bereitgestellten Informationen gem\u00e4\u00df den geltenden Google-Datenschutzbestimmungen genutzt. Google ver\u00f6ffentlicht m\u00f6glicherweise zusammengefasste Statistiken \u00fcber die +1-Aktivit\u00e4ten der Nutzer bzw. gibt diese an Nutzer und Partner weiter, wie etwa Publisher, Inserenten oder verbundene Websites.<\/p>\n<p>&nbsp;<\/p>\n<p><strong>Datenschutzerkl\u00e4rung f\u00fcr die Nutzung von Twitter<\/strong><\/p>\n<p>Auf unseren Seiten sind Funktionen des Dienstes Twitter eingebunden. Diese Funktionen werden angeboten durch die Twitter Inc., Twitter, Inc. 1355 Market St, Suite 900, San Francisco, CA 94103, USA. Durch das Benutzen von Twitter und der Funktion \u201cRe-Tweet\u201d werden die von Ihnen besuchten Webseiten mit Ihrem Twitter-Account verkn\u00fcpft und anderen Nutzern bekannt gegeben. Dabei werden auch Daten an Twitter \u00fcbertragen.<\/p>\n<p>Wir weisen darauf hin, dass wir als Anbieter der Seiten keine Kenntnis vom Inhalt der \u00fcbermittelten Daten sowie deren Nutzung durch Twitter erhalten. Weitere Informationen hierzu finden Sie in der Datenschutzerkl\u00e4rung von Twitter unter <a href=\"http:\/\/twitter.com\/privacy\" target=\"_blank\">http:\/\/twitter.com\/privacy<\/a>.<\/p>\n<p>Ihre Datenschutzeinstellungen bei Twitter k\u00f6nnen Sie in den Konto-Einstellungen unter <a href=\"http:\/\/twitter.com\/account\/settings\" target=\"_blank\">http:\/\/twitter.com\/account\/settings<\/a> \u00e4ndern.<\/p>\n<p>&nbsp;<\/p>\n<p><i>Quellen: <a href=\"http:\/\/www.e-recht24.de\/muster-datenschutzerklaerung.html\" target=\"_blank\" rel=\"nofollow\">Datenschutzerkl\u00e4rung eRecht24<\/a>, <a href=\"http:\/\/www.e-recht24.de\/artikel\/datenschutz\/6590-facebook-like-button-datenschutz-disclaimer.html\" target=\"_blank\" rel=\"nofollow\">eRecht24 Datenschutzerkl\u00e4rung f\u00fcr Facebook<\/a>, <a href=\"http:\/\/www.google.com\/intl\/de\/analytics\/privacyoverview.html\" target=\"_blank\" rel=\"nofollow\">Google Analytics Bedingungen<\/a>, <a href=\"http:\/\/www.e-recht24.de\/artikel\/datenschutz\/6635-datenschutz-rechtliche-risiken-bei-der-nutzung-von-google-analytics-und-googleadsense.html\" target=\"_blank\" rel=\"nofollow\">eRecht24 Datenschutzerkl\u00e4rung Google Adsense<\/a>, <a href=\"http:\/\/www.google.com\/intl\/de\/+\/policy\/+1button.html\" target=\"_blank\" rel=\"nofollow\">Google +1 Bedingungen<\/a>, <a href=\"http:\/\/twitter.com\/privacy\" target=\"_blank\" rel=\"nofollow\">Datenschutzerkl\u00e4rung Twitter<\/a><\/i><\/p>\n","protected":false},"excerpt":{"rendered":"<p>Datenschutzerkl\u00e4rung:\u3000 Stand: 25.05.2018 Wir nehmen den Datenschutz sehr ernst und das gilt selbstverst\u00e4ndlich auch in Bezug auf die personenbezogenen Daten unserer Vereinsmitglieder. Wir informieren Sie hiermit, wie wir Ihre Daten, die wir anhand der Beitrittserkl\u00e4rung erfassen, verarbeiten und welche Anspr\u00fcche und Rechte Ihnen nach den datenschutzrechtlichen Regelungen zustehen. Diese sind ab 25. Mai 2018 g\u00fcltig. [&hellip;]<\/p>\n","protected":false},"author":1,"featured_media":5,"parent":0,"menu_order":0,"comment_status":"closed","ping_status":"closed","template":"","meta":[],"_links":{"self":[{"href":"http:\/\/sgp-arena.de\/index.php?rest_route=\/wp\/v2\/pages\/34"}],"collection":[{"href":"http:\/\/sgp-arena.de\/index.php?rest_route=\/wp\/v2\/pages"}],"about":[{"href":"http:\/\/sgp-arena.de\/index.php?rest_route=\/wp\/v2\/types\/page"}],"author":[{"embeddable":true,"href":"http:\/\/sgp-arena.de\/index.php?rest_route=\/wp\/v2\/users\/1"}],"replies":[{"embeddable":true,"href":"http:\/\/sgp-arena.de\/index.php?rest_route=%2Fwp%2Fv2%2Fcomments&post=34"}],"version-history":[{"count":8,"href":"http:\/\/sgp-arena.de\/index.php?rest_route=\/wp\/v2\/pages\/34\/revisions"}],"predecessor-version":[{"id":306,"href":"http:\/\/sgp-arena.de\/index.php?rest_route=\/wp\/v2\/pages\/34\/revisions\/306"}],"wp:featuredmedia":[{"embeddable":true,"href":"http:\/\/sgp-arena.de\/index.php?rest_route=\/wp\/v2\/media\/5"}],"wp:attachment":[{"href":"http:\/\/sgp-arena.de\/index.php?rest_route=%2Fwp%2Fv2%2Fmedia&parent=34"}],"curies":[{"name":"wp","href":"https:\/\/api.w.org\/{rel}","templated":true}]}}