{"id":32,"date":"2014-06-18T12:36:06","date_gmt":"2014-06-18T10:36:06","guid":{"rendered":"http:\/\/sgarena.fomalhaut.uberspace.de\/?page_id=32"},"modified":"2024-07-27T17:02:51","modified_gmt":"2024-07-27T15:02:51","slug":"impressum","status":"publish","type":"page","link":"http:\/\/sgp-arena.de\/?page_id=32","title":{"rendered":"Impressum"},"content":{"rendered":"<p>Angaben gem\u00e4\u00df \u00a7 5 TMG:<\/p>\n<p style=\"padding-left: 30px;\">SGP-Sport Arena e. V.<br \/>\nTroissy Stra\u00dfe 27<br \/>\n1. Vors. Hr. Marco Steinf\u00fchrer<br \/>\n55288 Partenheim<\/p>\n<p><span style=\"text-decoration: underline;\">Vorstand:<\/span><\/p>\n<p style=\"padding-left: 30px;\">1.Vorsitzender: Hr.Marco Steinf\u00fcrer<br \/>\n1.Schriftf\u00fchrer: Hr.Steffen Blees-Wallic<br \/>\n1.Kassenwart: Hr. J\u00f6rg Hofmann<br \/>\nBeisitzer: Reimund Botens<br \/>\nRegistergericht: \u00a0Amtsgericht Mainz, Registernummer VR 40959<br \/>\n<span style=\"line-height: 1.5em;\">Steuernummer: \u00a008 667 03111, \u00a0Finanzamt Bingen-Alzey<\/span><\/p>\n<p><span style=\"text-decoration: underline;\">Kontakt:<\/span><\/p>\n<p>Email: blees-wallich@gmx.de<\/p>\n<p>Quelle:\u00a0\u00a0 <a href=\"http:\/\/www.e-recht24.de\" target=\"_blank\" rel=\"noopener\">http:\/\/www.e-recht24.de<\/a><\/p>\n<p><strong><span style=\"color: #ff0000;\">\u00a0Haftungsausschlu\u00df (Disclaimer)<\/span><\/strong><\/p>\n<p><strong>Haftung f\u00fcr Inhalte<\/strong><\/p>\n<p>Als Diensteanbieter sind wir gem\u00e4\u00df \u00a7 7 Abs.1 TMG f\u00fcr eigene Inhalte auf diesen Seiten nach den allgemeinen Gesetzen verantwortlich. Nach \u00a7\u00a7 8 bis 10 TMG sind wir als Diensteanbieter jedoch nicht verpflichtet, \u00fcbermittelte oder gespeicherte fremde Informationen zu \u00fcberwachen oder nach Umst\u00e4nden zu forschen, die auf eine rechtswidrige T\u00e4tigkeit hinweisen. Verpflichtungen zur Entfernung oder Sperrung der Nutzung von Informationen nach den allgemeinen Gesetzen bleiben hiervon unber\u00fchrt. Eine diesbez\u00fcgliche Haftung ist jedoch erst ab dem Zeitpunkt der Kenntnis einer konkreten Rechtsverletzung m\u00f6glich. Bei Bekanntwerden von entsprechenden Rechtsverletzungen werden wir diese Inhalte umgehend entfernen.<\/p>\n<p><strong>Haftung f\u00fcr Links<\/strong><\/p>\n<p>Unser Angebot enth\u00e4lt Links zu externen Webseiten Dritter, auf deren Inhalte wir keinen Einfluss haben. Deshalb k\u00f6nnen wir f\u00fcr diese fremden Inhalte auch keine Gew\u00e4hr \u00fcbernehmen. F\u00fcr die Inhalte der verlinkten Seiten ist stets der jeweilige Anbieter oder Betreiber der Seiten verantwortlich. Die verlinkten Seiten wurden zum Zeitpunkt der Verlinkung auf m\u00f6gliche Rechtsverst\u00f6\u00dfe \u00fcberpr\u00fcft. Rechtswidrige Inhalte waren zum Zeitpunkt der Verlinkung nicht erkennbar. Eine permanente inhaltliche Kontrolle der verlinkten Seiten ist jedoch ohne konkrete Anhaltspunkte einer Rechtsverletzung nicht zumutbar. Bei Bekanntwerden von Rechtsverletzungen werden wir derartige Links umgehend entfernen.<\/p>\n<p><strong>Urheberrecht<\/strong><\/p>\n<p>Die durch die Seitenbetreiber erstellten Inhalte und Werke auf diesen Seiten unterliegen dem deutschen Urheberrecht. Die Vervielf\u00e4ltigung, Bearbeitung, Verbreitung und jede Art der Verwertung au\u00dferhalb der Grenzen des Urheberrechtes bed\u00fcrfen der schriftlichen Zustimmung des jeweiligen Autors bzw. Erstellers. Downloads und Kopien dieser Seite sind nur f\u00fcr den privaten, nicht kommerziellen Gebrauch gestattet. Soweit die Inhalte auf dieser Seite nicht vom Betreiber erstellt wurden, werden die Urheberrechte Dritter beachtet. Insbesondere werden Inhalte Dritter als solche gekennzeichnet. Sollten Sie trotzdem auf eine Urheberrechtsverletzung aufmerksam werden, bitten wir um einen entsprechenden Hinweis. Bei Bekanntwerden von Rechtsverletzungen werden wir derartige Inhalte umgehend entfernen.<\/p>\n","protected":false},"excerpt":{"rendered":"<p>Angaben gem\u00e4\u00df \u00a7 5 TMG: SGP-Sport Arena e. V. Troissy Stra\u00dfe 27 1. Vors. Hr. Marco Steinf\u00fchrer 55288 Partenheim Vorstand: 1.Vorsitzender: Hr.Marco Steinf\u00fcrer 1.Schriftf\u00fchrer: Hr.Steffen Blees-Wallic 1.Kassenwart: Hr. J\u00f6rg Hofmann Beisitzer: Reimund Botens Registergericht: \u00a0Amtsgericht Mainz, Registernummer VR 40959 Steuernummer: \u00a008 667 03111, \u00a0Finanzamt Bingen-Alzey Kontakt: Email: blees-wallich@gmx.de Quelle:\u00a0\u00a0 http:\/\/www.e-recht24.de \u00a0Haftungsausschlu\u00df (Disclaimer) Haftung f\u00fcr Inhalte [&hellip;]<\/p>\n","protected":false},"author":1,"featured_media":5,"parent":0,"menu_order":0,"comment_status":"closed","ping_status":"closed","template":"","meta":[],"_links":{"self":[{"href":"http:\/\/sgp-arena.de\/index.php?rest_route=\/wp\/v2\/pages\/32"}],"collection":[{"href":"http:\/\/sgp-arena.de\/index.php?rest_route=\/wp\/v2\/pages"}],"about":[{"href":"http:\/\/sgp-arena.de\/index.php?rest_route=\/wp\/v2\/types\/page"}],"author":[{"embeddable":true,"href":"http:\/\/sgp-arena.de\/index.php?rest_route=\/wp\/v2\/users\/1"}],"replies":[{"embeddable":true,"href":"http:\/\/sgp-arena.de\/index.php?rest_route=%2Fwp%2Fv2%2Fcomments&post=32"}],"version-history":[{"count":5,"href":"http:\/\/sgp-arena.de\/index.php?rest_route=\/wp\/v2\/pages\/32\/revisions"}],"predecessor-version":[{"id":348,"href":"http:\/\/sgp-arena.de\/index.php?rest_route=\/wp\/v2\/pages\/32\/revisions\/348"}],"wp:featuredmedia":[{"embeddable":true,"href":"http:\/\/sgp-arena.de\/index.php?rest_route=\/wp\/v2\/media\/5"}],"wp:attachment":[{"href":"http:\/\/sgp-arena.de\/index.php?rest_route=%2Fwp%2Fv2%2Fmedia&parent=32"}],"curies":[{"name":"wp","href":"https:\/\/api.w.org\/{rel}","templated":true}]}}